{"id":43,"date":"2020-10-22T05:08:33","date_gmt":"2020-10-22T05:08:33","guid":{"rendered":"https:\/\/hof-sonnhalde.ch\/?page_id=43"},"modified":"2024-07-14T16:00:40","modified_gmt":"2024-07-14T14:00:40","slug":"milchhuesli-brauerei","status":"publish","type":"page","link":"https:\/\/hof-sonnhalde.ch\/?page_id=43","title":{"rendered":"Milchh\u00fcsli Brauerei"},"content":{"rendered":"\n<div style=\"height:40px\" aria-hidden=\"true\" class=\"wp-block-spacer\"><\/div>\n\n\n\n<figure class=\"wp-block-image size-large\"><img loading=\"lazy\" decoding=\"async\" width=\"522\" height=\"394\" src=\"https:\/\/hof-sonnhalde.ch\/wordpress\/wp-content\/uploads\/2021\/03\/Bildschirmfoto-2021-03-17-um-08.51.23.png\" alt=\"\" class=\"wp-image-373\" srcset=\"https:\/\/hof-sonnhalde.ch\/wordpress\/wp-content\/uploads\/2021\/03\/Bildschirmfoto-2021-03-17-um-08.51.23.png 522w, https:\/\/hof-sonnhalde.ch\/wordpress\/wp-content\/uploads\/2021\/03\/Bildschirmfoto-2021-03-17-um-08.51.23-300x226.png 300w\" sizes=\"auto, (max-width: 522px) 100vw, 522px\" \/><\/figure>\n\n\n\n<p>Am 14. September feiern wir 5 Jahre Hofl\u00e4deli Sonnhalde und Brauerei Milchh\u00fcsli. Aus diesem Grund hat unser Brauer ein Jubil\u00e4umsbier gebraut.<br>Es ist ein IPA mit starkem Geschmack nach Zitrusfr\u00fcchten, ausgewogen bitter, heller Farbe und<br>mit ca. 5.7 % vol.<\/p>\n\n\n\n<div style=\"height:40px\" aria-hidden=\"true\" class=\"wp-block-spacer\"><\/div>\n\n\n\n<h3 class=\"wp-block-heading\"><strong>Beschreibung verschiedener Biersorten<\/strong><\/h3>\n\n\n\n<p><\/p>\n\n\n\n<p><strong>California Dream Nr. 6<\/strong><br><strong>Californisches Steam Beer<\/strong><\/p>\n\n\n\n<p>Warm vergorenes, unterg\u00e4riges Bier.<\/p>\n\n\n\n<p>Leichtes, sehr s\u00fcffiges Bier f\u00fcr die w\u00e4rmeren Jahreszeiten. Kann aber auch in k\u00e4lteren Jahreszeiten getrunken werden, besonders wenn man Lust auf mehr als ein Bier hat.<\/p>\n\n\n\n<div style=\"height:20px\" aria-hidden=\"true\" class=\"wp-block-spacer\"><\/div>\n\n\n\n<p><strong>Milchh\u00fcsli Brotbier<\/strong><br><strong>American Pale Ale<\/strong><\/p>\n\n\n\n<p>Dunkles Gelb mit fruchtigen Aromen, cremiger Schaum. Das Bier ist dreimal gehopft. Der \u00fcbrwiegende Anteil an Hopfen ist Cytra. Dieser Hopfen schmeckt intensiv nach Limetten, Mango, Maracuja, Litschi und Grapefruit. 30% der Maische ist aus Altbrot unserer Hofb\u00e4ckerei (Zopf und Treberbrot).<br>Leider ausgetrunken!<\/p>\n\n\n\n<p>Ein Beitrag gegen Food Wasting.<\/p>\n\n\n\n<div style=\"height:20px\" aria-hidden=\"true\" class=\"wp-block-spacer\"><\/div>\n\n\n\n<p><strong>Pale Ale<\/strong><\/p>\n\n\n\n<p>Kupferfarbenes, oberg\u00e4rig gebrautes Bier. Das Bier ist nicht sehr stark. Die verwendeten Hopfen sind: Cascade, Mandarina Bavaria und Citra. Diese Hpfensorten verleihen dem Bier einen fruchtigen, zitrusartigen Geschmack.<\/p>\n\n\n\n<div style=\"height:20px\" aria-hidden=\"true\" class=\"wp-block-spacer\"><\/div>\n\n\n\n<p><strong>Dark IPA<\/strong><br><strong>Dark India Pale Ale<\/strong><\/p>\n\n\n\n<p>Das Dark IPA ist kupferbraun, sehr aromatisch und herb, beim Einschenken bildet sich eine dichte Schaumdecke. Drei verschiedene Hopfen (Centennial, Cascade und Amarillo) wurden in der W\u00fcrze gekocht.<br>Leider ausgetrunken<\/p>\n\n\n\n<div style=\"height:20px\" aria-hidden=\"true\" class=\"wp-block-spacer\"><\/div>\n\n\n\n<p><strong>PH Stout<\/strong><br><strong>Irish Dry Stout<\/strong><\/p>\n\n\n\n<p>Pechschwarzes Bier mit beigem, feinporigem Schaum, intensiv nach Malz schmeckend. Das Bier hat einen leichten Geschmack nach Bitterschokolade.<br>Wird erst im Herbst wieder gebraut<\/p>\n\n\n\n<p><strong>Holunderbl\u00fcten Bier<\/strong><\/p>\n\n\n\n<p>Cremiges nach Holunderbl\u00fcten schmeckendes Bier. Wir haben nur frische unbehandelte Holunderbl\u00fcten verwendet. Der Anteil an Hafermalz ist bei diesem Bier relativ hoch, weshalb es am Boden der Flasche manchmal kleine Malzr\u00fcckst\u00e4nde hat. <\/p>\n\n\n\n<div style=\"height:20px\" aria-hidden=\"true\" class=\"wp-block-spacer\"><\/div>\n\n\n\n<p><strong>Noch etwas in eigener Sache:<\/strong><\/p>\n\n\n\n<p>Bitte die Milchh\u00fcsli Biere nicht aus der Flasche trinken, sie sind ungefiltert und haben sich ein Glas verdient! Alle diese Biere haben einen reduzierten Anteil an Kohlens\u00e4ure.<\/p>\n\n\n\n<div style=\"height:40px\" aria-hidden=\"true\" class=\"wp-block-spacer\"><\/div>\n","protected":false},"excerpt":{"rendered":"<p>Am 14. September feiern wir 5 Jahre Hofl\u00e4deli Sonnhalde und Brauerei Milchh\u00fcsli. Aus diesem Grund hat unser Brauer ein Jubil\u00e4umsbier gebraut.Es ist ein IPA mit starkem Geschmack nach Zitrusfr\u00fcchten, ausgewogen bitter, heller Farbe undmit ca. 5.7 % vol. Beschreibung verschiedener Biersorten California Dream Nr. 6Californisches Steam Beer Warm vergorenes, unterg\u00e4riges [&hellip;]<\/p>\n","protected":false},"author":1,"featured_media":0,"parent":0,"menu_order":0,"comment_status":"closed","ping_status":"closed","template":"","meta":{"footnotes":""},"class_list":["post-43","page","type-page","status-publish","hentry"],"yoast_head":"<!-- This site is optimized with the Yoast SEO plugin v27.5 - https:\/\/yoast.com\/product\/yoast-seo-wordpress\/ -->\n<title>Milchh\u00fcsli Brauerei - Hof Sonnhalde<\/title>\n<meta name=\"robots\" content=\"index, follow, max-snippet:-1, max-image-preview:large, max-video-preview:-1\" \/>\n<link rel=\"canonical\" href=\"https:\/\/hof-sonnhalde.ch\/?page_id=43\" \/>\n<meta property=\"og:locale\" content=\"de_DE\" \/>\n<meta property=\"og:type\" content=\"article\" \/>\n<meta property=\"og:title\" content=\"Milchh\u00fcsli Brauerei - Hof Sonnhalde\" \/>\n<meta property=\"og:description\" content=\"Am 14. September feiern wir 5 Jahre Hofl\u00e4deli Sonnhalde und Brauerei Milchh\u00fcsli. Aus diesem Grund hat unser Brauer ein Jubil\u00e4umsbier gebraut.Es ist ein IPA mit starkem Geschmack nach Zitrusfr\u00fcchten, ausgewogen bitter, heller Farbe undmit ca. 5.7 % vol. Beschreibung verschiedener Biersorten California Dream Nr. 6Californisches Steam Beer Warm vergorenes, unterg\u00e4riges [&hellip;]\" \/>\n<meta property=\"og:url\" content=\"https:\/\/hof-sonnhalde.ch\/?page_id=43\" \/>\n<meta property=\"og:site_name\" content=\"Hof Sonnhalde\" \/>\n<meta property=\"article:modified_time\" content=\"2024-07-14T14:00:40+00:00\" \/>\n<meta property=\"og:image\" content=\"https:\/\/hof-sonnhalde.ch\/wordpress\/wp-content\/uploads\/2021\/03\/Bildschirmfoto-2021-03-17-um-08.51.23.png\" \/>\n<meta name=\"twitter:card\" content=\"summary_large_image\" \/>\n<meta name=\"twitter:label1\" content=\"Gesch\u00e4tzte Lesezeit\" \/>\n\t<meta name=\"twitter:data1\" content=\"2\u00a0Minuten\" \/>\n<script type=\"application\/ld+json\" class=\"yoast-schema-graph\">{\"@context\":\"https:\\\/\\\/schema.org\",\"@graph\":[{\"@type\":\"WebPage\",\"@id\":\"https:\\\/\\\/hof-sonnhalde.ch\\\/?page_id=43\",\"url\":\"https:\\\/\\\/hof-sonnhalde.ch\\\/?page_id=43\",\"name\":\"Milchh\u00fcsli Brauerei - Hof Sonnhalde\",\"isPartOf\":{\"@id\":\"https:\\\/\\\/hof-sonnhalde.ch\\\/#website\"},\"primaryImageOfPage\":{\"@id\":\"https:\\\/\\\/hof-sonnhalde.ch\\\/?page_id=43#primaryimage\"},\"image\":{\"@id\":\"https:\\\/\\\/hof-sonnhalde.ch\\\/?page_id=43#primaryimage\"},\"thumbnailUrl\":\"https:\\\/\\\/hof-sonnhalde.ch\\\/wordpress\\\/wp-content\\\/uploads\\\/2021\\\/03\\\/Bildschirmfoto-2021-03-17-um-08.51.23.png\",\"datePublished\":\"2020-10-22T05:08:33+00:00\",\"dateModified\":\"2024-07-14T14:00:40+00:00\",\"breadcrumb\":{\"@id\":\"https:\\\/\\\/hof-sonnhalde.ch\\\/?page_id=43#breadcrumb\"},\"inLanguage\":\"de-CH\",\"potentialAction\":[{\"@type\":\"ReadAction\",\"target\":[\"https:\\\/\\\/hof-sonnhalde.ch\\\/?page_id=43\"]}]},{\"@type\":\"ImageObject\",\"inLanguage\":\"de-CH\",\"@id\":\"https:\\\/\\\/hof-sonnhalde.ch\\\/?page_id=43#primaryimage\",\"url\":\"https:\\\/\\\/hof-sonnhalde.ch\\\/wordpress\\\/wp-content\\\/uploads\\\/2021\\\/03\\\/Bildschirmfoto-2021-03-17-um-08.51.23.png\",\"contentUrl\":\"https:\\\/\\\/hof-sonnhalde.ch\\\/wordpress\\\/wp-content\\\/uploads\\\/2021\\\/03\\\/Bildschirmfoto-2021-03-17-um-08.51.23.png\",\"width\":522,\"height\":394},{\"@type\":\"BreadcrumbList\",\"@id\":\"https:\\\/\\\/hof-sonnhalde.ch\\\/?page_id=43#breadcrumb\",\"itemListElement\":[{\"@type\":\"ListItem\",\"position\":1,\"name\":\"Home\",\"item\":\"https:\\\/\\\/hof-sonnhalde.ch\\\/\"},{\"@type\":\"ListItem\",\"position\":2,\"name\":\"Milchh\u00fcsli Brauerei\"}]},{\"@type\":\"WebSite\",\"@id\":\"https:\\\/\\\/hof-sonnhalde.ch\\\/#website\",\"url\":\"https:\\\/\\\/hof-sonnhalde.ch\\\/\",\"name\":\"Hof Sonnhalde\",\"description\":\"Ihr Hofladen in Auslikon\",\"potentialAction\":[{\"@type\":\"SearchAction\",\"target\":{\"@type\":\"EntryPoint\",\"urlTemplate\":\"https:\\\/\\\/hof-sonnhalde.ch\\\/?s={search_term_string}\"},\"query-input\":{\"@type\":\"PropertyValueSpecification\",\"valueRequired\":true,\"valueName\":\"search_term_string\"}}],\"inLanguage\":\"de-CH\"}]}<\/script>\n<!-- \/ Yoast SEO plugin. -->","yoast_head_json":{"title":"Milchh\u00fcsli Brauerei - Hof Sonnhalde","robots":{"index":"index","follow":"follow","max-snippet":"max-snippet:-1","max-image-preview":"max-image-preview:large","max-video-preview":"max-video-preview:-1"},"canonical":"https:\/\/hof-sonnhalde.ch\/?page_id=43","og_locale":"de_DE","og_type":"article","og_title":"Milchh\u00fcsli Brauerei - Hof Sonnhalde","og_description":"Am 14. September feiern wir 5 Jahre Hofl\u00e4deli Sonnhalde und Brauerei Milchh\u00fcsli. Aus diesem Grund hat unser Brauer ein Jubil\u00e4umsbier gebraut.Es ist ein IPA mit starkem Geschmack nach Zitrusfr\u00fcchten, ausgewogen bitter, heller Farbe undmit ca. 5.7 % vol. Beschreibung verschiedener Biersorten California Dream Nr. 6Californisches Steam Beer Warm vergorenes, unterg\u00e4riges [&hellip;]","og_url":"https:\/\/hof-sonnhalde.ch\/?page_id=43","og_site_name":"Hof Sonnhalde","article_modified_time":"2024-07-14T14:00:40+00:00","og_image":[{"url":"https:\/\/hof-sonnhalde.ch\/wordpress\/wp-content\/uploads\/2021\/03\/Bildschirmfoto-2021-03-17-um-08.51.23.png","type":"","width":"","height":""}],"twitter_card":"summary_large_image","twitter_misc":{"Gesch\u00e4tzte Lesezeit":"2\u00a0Minuten"},"schema":{"@context":"https:\/\/schema.org","@graph":[{"@type":"WebPage","@id":"https:\/\/hof-sonnhalde.ch\/?page_id=43","url":"https:\/\/hof-sonnhalde.ch\/?page_id=43","name":"Milchh\u00fcsli Brauerei - Hof Sonnhalde","isPartOf":{"@id":"https:\/\/hof-sonnhalde.ch\/#website"},"primaryImageOfPage":{"@id":"https:\/\/hof-sonnhalde.ch\/?page_id=43#primaryimage"},"image":{"@id":"https:\/\/hof-sonnhalde.ch\/?page_id=43#primaryimage"},"thumbnailUrl":"https:\/\/hof-sonnhalde.ch\/wordpress\/wp-content\/uploads\/2021\/03\/Bildschirmfoto-2021-03-17-um-08.51.23.png","datePublished":"2020-10-22T05:08:33+00:00","dateModified":"2024-07-14T14:00:40+00:00","breadcrumb":{"@id":"https:\/\/hof-sonnhalde.ch\/?page_id=43#breadcrumb"},"inLanguage":"de-CH","potentialAction":[{"@type":"ReadAction","target":["https:\/\/hof-sonnhalde.ch\/?page_id=43"]}]},{"@type":"ImageObject","inLanguage":"de-CH","@id":"https:\/\/hof-sonnhalde.ch\/?page_id=43#primaryimage","url":"https:\/\/hof-sonnhalde.ch\/wordpress\/wp-content\/uploads\/2021\/03\/Bildschirmfoto-2021-03-17-um-08.51.23.png","contentUrl":"https:\/\/hof-sonnhalde.ch\/wordpress\/wp-content\/uploads\/2021\/03\/Bildschirmfoto-2021-03-17-um-08.51.23.png","width":522,"height":394},{"@type":"BreadcrumbList","@id":"https:\/\/hof-sonnhalde.ch\/?page_id=43#breadcrumb","itemListElement":[{"@type":"ListItem","position":1,"name":"Home","item":"https:\/\/hof-sonnhalde.ch\/"},{"@type":"ListItem","position":2,"name":"Milchh\u00fcsli Brauerei"}]},{"@type":"WebSite","@id":"https:\/\/hof-sonnhalde.ch\/#website","url":"https:\/\/hof-sonnhalde.ch\/","name":"Hof Sonnhalde","description":"Ihr Hofladen in Auslikon","potentialAction":[{"@type":"SearchAction","target":{"@type":"EntryPoint","urlTemplate":"https:\/\/hof-sonnhalde.ch\/?s={search_term_string}"},"query-input":{"@type":"PropertyValueSpecification","valueRequired":true,"valueName":"search_term_string"}}],"inLanguage":"de-CH"}]}},"jetpack_sharing_enabled":true,"_links":{"self":[{"href":"https:\/\/hof-sonnhalde.ch\/index.php?rest_route=\/wp\/v2\/pages\/43","targetHints":{"allow":["GET"]}}],"collection":[{"href":"https:\/\/hof-sonnhalde.ch\/index.php?rest_route=\/wp\/v2\/pages"}],"about":[{"href":"https:\/\/hof-sonnhalde.ch\/index.php?rest_route=\/wp\/v2\/types\/page"}],"author":[{"embeddable":true,"href":"https:\/\/hof-sonnhalde.ch\/index.php?rest_route=\/wp\/v2\/users\/1"}],"replies":[{"embeddable":true,"href":"https:\/\/hof-sonnhalde.ch\/index.php?rest_route=%2Fwp%2Fv2%2Fcomments&post=43"}],"version-history":[{"count":15,"href":"https:\/\/hof-sonnhalde.ch\/index.php?rest_route=\/wp\/v2\/pages\/43\/revisions"}],"predecessor-version":[{"id":592,"href":"https:\/\/hof-sonnhalde.ch\/index.php?rest_route=\/wp\/v2\/pages\/43\/revisions\/592"}],"wp:attachment":[{"href":"https:\/\/hof-sonnhalde.ch\/index.php?rest_route=%2Fwp%2Fv2%2Fmedia&parent=43"}],"curies":[{"name":"wp","href":"https:\/\/api.w.org\/{rel}","templated":true}]}}