{"id":642,"date":"2025-09-03T17:41:46","date_gmt":"2025-09-03T15:41:46","guid":{"rendered":"https:\/\/hof-sonnhalde.ch\/?page_id=642"},"modified":"2025-11-05T10:32:38","modified_gmt":"2025-11-05T09:32:38","slug":"eier-und-brot-lieferservice","status":"publish","type":"page","link":"https:\/\/hof-sonnhalde.ch\/?page_id=642","title":{"rendered":"Bestellungen vom Hof"},"content":{"rendered":"\n<p>Wir liefern unsere frischen Freilandeier, die knusprigen Brote und den feinen Zopf gerne am <strong>Samstag<\/strong> direkt zu Ihnen nach Hause. Teilen Sie uns bitte mit, ob Sie eine einmalige Bestellung w\u00fcnschen oder ob wir Sie w\u00f6chentlich oder alle zwei Wochen beliefern d\u00fcrfen. Wir bedienen Pf\u00e4ffikon mit den zugeh\u00f6rigen D\u00f6rfern und Wetzikon. Die Abrechnung erfolgt alle drei Monate. Die Lieferung ist im Preis inbegriffen.<\/p>\n\n\n\n<p>Abwesenheiten melden Sie uns am einfachsten \u00fcber das <a href=\"https:\/\/hof-sonnhalde.ch\/?page_id=64\" data-type=\"page\" data-id=\"64\">Kontaktformular<\/a>.<\/p>\n\n\n\n<div class=\"wp-block-contact-form-7-contact-form-selector\">\n<div class=\"wpcf7 no-js\" id=\"wpcf7-f644-o1\" lang=\"de-CH\" dir=\"ltr\" data-wpcf7-id=\"644\">\n<div class=\"screen-reader-response\"><p role=\"status\" aria-live=\"polite\" aria-atomic=\"true\"><\/p> <ul><\/ul><\/div>\n<form action=\"\/index.php?rest_route=%2Fwp%2Fv2%2Fpages%2F642#wpcf7-f644-o1\" method=\"post\" class=\"wpcf7-form init\" aria-label=\"Contact form\" novalidate=\"novalidate\" data-status=\"init\">\n<fieldset class=\"hidden-fields-container\"><input type=\"hidden\" name=\"_wpcf7\" value=\"644\" \/><input type=\"hidden\" name=\"_wpcf7_version\" value=\"6.1.5\" \/><input type=\"hidden\" name=\"_wpcf7_locale\" value=\"de_CH\" \/><input type=\"hidden\" name=\"_wpcf7_unit_tag\" value=\"wpcf7-f644-o1\" \/><input type=\"hidden\" name=\"_wpcf7_container_post\" value=\"0\" \/><input type=\"hidden\" name=\"_wpcf7_posted_data_hash\" value=\"\" \/>\n<\/fieldset>\n<div>\n\t<table>\n\t\t<tr>\n\t\t\t<td>\n\t\t\t\t<p>Produkt\n\t\t\t\t<\/p>\n\t\t\t<\/td>\n\t\t\t<td>\n\t\t\t\t<p>Gewicht\n\t\t\t\t<\/p>\n\t\t\t<\/td>\n\t\t\t<td>\n\t\t\t\t<p>Preis (inkl. Lieferung)\n\t\t\t\t<\/p>\n\t\t\t<\/td>\n\t\t\t<td>\n\t\t\t\t<p>Bestellmenge\n\t\t\t\t<\/p>\n\t\t\t<\/td>\n\t\t<\/tr>\n\t\t<tr>\n\t\t\t<td>\n\t\t\t\t<p>Frische Freilandeier\n\t\t\t\t<\/p>\n\t\t\t\t<p><img decoding=\"async\" src=\"https:\/\/hof-sonnhalde.ch\/wordpress\/wp-content\/uploads\/2025\/10\/eier.png\" width=\"100\" \/>\n\t\t\t\t<\/p>\n\t\t\t<\/td>\n\t\t\t<td>\n\t\t\t\t<p>53g+\n\t\t\t\t<\/p>\n\t\t\t<\/td>\n\t\t\t<td>\n\t\t\t\t<p>0.90 Fr. pro Ei\n\t\t\t\t<\/p>\n\t\t\t<\/td>\n\t\t\t<td>\n\t\t\t\t<p><span class=\"wpcf7-form-control-wrap\" data-name=\"eier\"><select class=\"wpcf7-form-control wpcf7-select\" aria-invalid=\"false\" name=\"eier\"><option value=\"-\">-<\/option><option value=\"6 Eier\">6 Eier<\/option><option value=\"10 Eier\">10 Eier<\/option><option value=\"12 Eier\">12 Eier<\/option><option value=\"16 Eier\">16 Eier<\/option><option value=\"20 Eier\">20 Eier<\/option><option value=\"26 Eier\">26 Eier<\/option><option value=\"30 Eier\">30 Eier<\/option><option value=\"40 Eier\">40 Eier<\/option><option value=\"&gt;50 Eier =&gt; Kontakt aufnehmen\">&gt;50 Eier =&gt; Kontakt aufnehmen<\/option><\/select><\/span>\n\t\t\t\t<\/p>\n\t\t\t<\/td>\n\t\t<\/tr>\n\t\t<tr>\n\t\t\t<td>\n\t\t\t\t<p>Grosser Zopf\n\t\t\t\t<\/p>\n\t\t\t\t<p><img decoding=\"async\" src=\"https:\/\/hof-sonnhalde.ch\/wordpress\/wp-content\/uploads\/2025\/10\/zopf_gross.png\" width=\"100\" \/>\n\t\t\t\t<\/p>\n\t\t\t<\/td>\n\t\t\t<td>\n\t\t\t\t<p>ca. 450g\n\t\t\t\t<\/p>\n\t\t\t<\/td>\n\t\t\t<td>\n\t\t\t\t<p>7.00 Fr.\n\t\t\t\t<\/p>\n\t\t\t<\/td>\n\t\t\t<td>\n\t\t\t\t<p><span class=\"wpcf7-form-control-wrap\" data-name=\"zopf_gross\"><input class=\"wpcf7-form-control wpcf7-number wpcf7-validates-as-required wpcf7-validates-as-number\" min=\"0\" max=\"5\" aria-required=\"true\" aria-invalid=\"false\" value=\"0\" type=\"number\" name=\"zopf_gross\" \/><\/span>\n\t\t\t\t<\/p>\n\t\t\t<\/td>\n\t\t<\/tr>\n\t\t<tr>\n\t\t\t<td>\n\t\t\t\t<p>Kleiner Zopf\n\t\t\t\t<\/p>\n\t\t\t\t<p><img decoding=\"async\" src=\"https:\/\/hof-sonnhalde.ch\/wordpress\/wp-content\/uploads\/2025\/10\/zopf_klein.png\" width=\"100\" \/>\n\t\t\t\t<\/p>\n\t\t\t<\/td>\n\t\t\t<td>\n\t\t\t\t<p>ca. 300g\n\t\t\t\t<\/p>\n\t\t\t<\/td>\n\t\t\t<td>\n\t\t\t\t<p>5.00 Fr.\n\t\t\t\t<\/p>\n\t\t\t<\/td>\n\t\t\t<td>\n\t\t\t\t<p><span class=\"wpcf7-form-control-wrap\" data-name=\"zopf_klein\"><input class=\"wpcf7-form-control wpcf7-number wpcf7-validates-as-required wpcf7-validates-as-number\" min=\"0\" max=\"5\" aria-required=\"true\" aria-invalid=\"false\" value=\"0\" type=\"number\" name=\"zopf_klein\" \/><\/span>\n\t\t\t\t<\/p>\n\t\t\t<\/td>\n\t\t<\/tr>\n\t\t<tr>\n\t\t\t<td>\n\t\t\t\t<p>Z\u00f6pfli\n\t\t\t\t<\/p>\n\t\t\t\t<p><img decoding=\"async\" src=\"https:\/\/hof-sonnhalde.ch\/wordpress\/wp-content\/uploads\/2025\/10\/zoepfli.png\" width=\"100\" \/>\n\t\t\t\t<\/p>\n\t\t\t<\/td>\n\t\t\t<td>\n\t\t\t\t<p>ca. 90g\n\t\t\t\t<\/p>\n\t\t\t<\/td>\n\t\t\t<td>\n\t\t\t\t<p>3.00 Fr.\n\t\t\t\t<\/p>\n\t\t\t<\/td>\n\t\t\t<td>\n\t\t\t\t<p><span class=\"wpcf7-form-control-wrap\" data-name=\"zoepfli\"><input class=\"wpcf7-form-control wpcf7-number wpcf7-validates-as-required wpcf7-validates-as-number\" min=\"0\" max=\"5\" aria-required=\"true\" aria-invalid=\"false\" value=\"0\" type=\"number\" name=\"zoepfli\" \/><\/span>\n\t\t\t\t<\/p>\n\t\t\t<\/td>\n\t\t<\/tr>\n\t\t<tr>\n\t\t\t<td>\n\t\t\t\t<p>Zopfball\n\t\t\t\t<\/p>\n\t\t\t\t<p><img decoding=\"async\" src=\"https:\/\/hof-sonnhalde.ch\/wordpress\/wp-content\/uploads\/2025\/10\/zopfball.png\" width=\"100\" \/>\n\t\t\t\t<\/p>\n\t\t\t<\/td>\n\t\t\t<td>\n\t\t\t\t<p>ca. 550g\n\t\t\t\t<\/p>\n\t\t\t<\/td>\n\t\t\t<td>\n\t\t\t\t<p>8.00 Fr.\n\t\t\t\t<\/p>\n\t\t\t<\/td>\n\t\t\t<td>\n\t\t\t\t<p><span class=\"wpcf7-form-control-wrap\" data-name=\"zopfball\"><input class=\"wpcf7-form-control wpcf7-number wpcf7-validates-as-required wpcf7-validates-as-number\" min=\"0\" max=\"5\" aria-required=\"true\" aria-invalid=\"false\" value=\"0\" type=\"number\" name=\"zopfball\" \/><\/span>\n\t\t\t\t<\/p>\n\t\t\t<\/td>\n\t\t<\/tr>\n\t\t<tr>\n\t\t\t<td>\n\t\t\t\t<p>Baumnussbrot\n\t\t\t\t<\/p>\n\t\t\t\t<p><img decoding=\"async\" src=\"https:\/\/hof-sonnhalde.ch\/wordpress\/wp-content\/uploads\/2025\/10\/baumnussbrot.png\" width=\"100\" \/>\n\t\t\t\t<\/p>\n\t\t\t<\/td>\n\t\t\t<td>\n\t\t\t\t<p>ca. 450g\n\t\t\t\t<\/p>\n\t\t\t<\/td>\n\t\t\t<td>\n\t\t\t\t<p>6.00 Fr.\n\t\t\t\t<\/p>\n\t\t\t<\/td>\n\t\t\t<td>\n\t\t\t\t<p><span class=\"wpcf7-form-control-wrap\" data-name=\"baumnussbrot\"><input class=\"wpcf7-form-control wpcf7-number wpcf7-validates-as-required wpcf7-validates-as-number\" min=\"0\" max=\"5\" aria-required=\"true\" aria-invalid=\"false\" value=\"0\" type=\"number\" name=\"baumnussbrot\" \/><\/span>\n\t\t\t\t<\/p>\n\t\t\t<\/td>\n\t\t<\/tr>\n\t\t<tr>\n\t\t\t<td>\n\t\t\t\t<p>Ruchbrot\n\t\t\t\t<\/p>\n\t\t\t\t<p><img decoding=\"async\" src=\"https:\/\/hof-sonnhalde.ch\/wordpress\/wp-content\/uploads\/2025\/10\/ruchbrot.png\" width=\"100\" \/>\n\t\t\t\t<\/p>\n\t\t\t<\/td>\n\t\t\t<td>\n\t\t\t\t<p>ca. 500g\n\t\t\t\t<\/p>\n\t\t\t<\/td>\n\t\t\t<td>\n\t\t\t\t<p>5.00 Fr.\n\t\t\t\t<\/p>\n\t\t\t<\/td>\n\t\t\t<td>\n\t\t\t\t<p><span class=\"wpcf7-form-control-wrap\" data-name=\"ruchbrot\"><input class=\"wpcf7-form-control wpcf7-number wpcf7-validates-as-required wpcf7-validates-as-number\" min=\"0\" max=\"5\" aria-required=\"true\" aria-invalid=\"false\" value=\"0\" type=\"number\" name=\"ruchbrot\" \/><\/span>\n\t\t\t\t<\/p>\n\t\t\t<\/td>\n\t\t<\/tr>\n\t\t<tr>\n\t\t\t<td>\n\t\t\t\t<p>Burebrot\n\t\t\t\t<\/p>\n\t\t\t\t<p><img decoding=\"async\" src=\"https:\/\/hof-sonnhalde.ch\/wordpress\/wp-content\/uploads\/2025\/10\/burebrot.png\" width=\"100\" \/>\n\t\t\t\t<\/p>\n\t\t\t<\/td>\n\t\t\t<td>\n\t\t\t\t<p>ca. 450g\n\t\t\t\t<\/p>\n\t\t\t<\/td>\n\t\t\t<td>\n\t\t\t\t<p>5.50 Fr.\n\t\t\t\t<\/p>\n\t\t\t<\/td>\n\t\t\t<td>\n\t\t\t\t<p><span class=\"wpcf7-form-control-wrap\" data-name=\"burebrot\"><input class=\"wpcf7-form-control wpcf7-number wpcf7-validates-as-required wpcf7-validates-as-number\" min=\"0\" max=\"5\" aria-required=\"true\" aria-invalid=\"false\" value=\"0\" type=\"number\" name=\"burebrot\" \/><\/span>\n\t\t\t\t<\/p>\n\t\t\t<\/td>\n\t\t<\/tr>\n\t\t<tr>\n\t\t\t<td>\n\t\t\t\t<p>Chnebelbrot klein\n\t\t\t\t<\/p>\n\t\t\t\t<p><img decoding=\"async\" src=\"https:\/\/hof-sonnhalde.ch\/wordpress\/wp-content\/uploads\/2025\/10\/chnebelbrot_klein.png\" width=\"100\" \/>\n\t\t\t\t<\/p>\n\t\t\t<\/td>\n\t\t\t<td>\n\t\t\t\t<p>ca. 275g\n\t\t\t\t<\/p>\n\t\t\t<\/td>\n\t\t\t<td>\n\t\t\t\t<p>4.00 Fr.\n\t\t\t\t<\/p>\n\t\t\t<\/td>\n\t\t\t<td>\n\t\t\t\t<p><span class=\"wpcf7-form-control-wrap\" data-name=\"chnebelbrot_klein\"><input class=\"wpcf7-form-control wpcf7-number wpcf7-validates-as-required wpcf7-validates-as-number\" min=\"0\" max=\"5\" aria-required=\"true\" aria-invalid=\"false\" value=\"0\" type=\"number\" name=\"chnebelbrot_klein\" \/><\/span>\n\t\t\t\t<\/p>\n\t\t\t<\/td>\n\t\t<\/tr>\n\t<\/table>\n<\/div>\n<p><label>Ihre Bestellung (erforderlich)<br \/>\n<span class=\"wpcf7-form-control-wrap\" data-name=\"bestellung\"><select class=\"wpcf7-form-control wpcf7-select wpcf7-validates-as-required\" aria-required=\"true\" aria-invalid=\"false\" name=\"bestellung\"><option value=\"w\u00f6chentlich\">w\u00f6chentlich<\/option><option value=\"alle zwei Wochen\">alle zwei Wochen<\/option><option value=\"einmalig\">einmalig<\/option><\/select><\/span> <\/label>\n<\/p>\n<p><label>Ihr Name (erforderlich)<br \/>\n<span class=\"wpcf7-form-control-wrap\" data-name=\"your-name\"><input size=\"40\" maxlength=\"400\" class=\"wpcf7-form-control wpcf7-text wpcf7-validates-as-required\" aria-required=\"true\" aria-invalid=\"false\" value=\"\" type=\"text\" name=\"your-name\" \/><\/span> <\/label>\n<\/p>\n<p><label>Ihre Adresse (Strasse und Ort, erforderlich)<br \/>\n<span class=\"wpcf7-form-control-wrap\" data-name=\"your-address\"><input size=\"40\" maxlength=\"400\" class=\"wpcf7-form-control wpcf7-text wpcf7-validates-as-required\" aria-required=\"true\" aria-invalid=\"false\" value=\"\" type=\"text\" name=\"your-address\" \/><\/span> <\/label>\n<\/p>\n<p><label>Ihre E-Mail (erforderlich)<br \/>\n<span class=\"wpcf7-form-control-wrap\" data-name=\"your-email\"><input size=\"40\" maxlength=\"400\" class=\"wpcf7-form-control wpcf7-email wpcf7-validates-as-required wpcf7-text wpcf7-validates-as-email\" aria-required=\"true\" aria-invalid=\"false\" value=\"\" type=\"email\" name=\"your-email\" \/><\/span> <\/label>\n<\/p>\n<p><label>Mitteilung<br \/>\n<span class=\"wpcf7-form-control-wrap\" data-name=\"your-message\"><textarea cols=\"40\" rows=\"10\" maxlength=\"2000\" class=\"wpcf7-form-control wpcf7-textarea\" aria-invalid=\"false\" name=\"your-message\"><\/textarea><\/span> <\/label>\n<\/p>\n<p><input class=\"wpcf7-form-control wpcf7-submit has-spinner\" type=\"submit\" value=\"Bestellen\" \/>\n<\/p><p style=\"display: none !important;\" class=\"akismet-fields-container\" data-prefix=\"_wpcf7_ak_\"><label>&#916;<textarea name=\"_wpcf7_ak_hp_textarea\" cols=\"45\" rows=\"8\" maxlength=\"100\"><\/textarea><\/label><input type=\"hidden\" id=\"ak_js_1\" name=\"_wpcf7_ak_js\" value=\"166\"\/><script>document.getElementById( \"ak_js_1\" ).setAttribute( \"value\", ( new Date() ).getTime() );<\/script><\/p><div class=\"wpcf7-response-output\" aria-hidden=\"true\"><\/div>\n<\/form>\n<\/div>\n<\/div>\n","protected":false},"excerpt":{"rendered":"<p>Wir liefern unsere frischen Freilandeier, die knusprigen Brote und den feinen Zopf gerne am Samstag direkt zu Ihnen nach Hause. Teilen Sie uns bitte mit, ob Sie eine einmalige Bestellung w\u00fcnschen oder ob wir Sie w\u00f6chentlich oder alle zwei Wochen beliefern d\u00fcrfen. Wir bedienen Pf\u00e4ffikon mit den zugeh\u00f6rigen D\u00f6rfern und [&hellip;]<\/p>\n","protected":false},"author":1,"featured_media":0,"parent":0,"menu_order":0,"comment_status":"closed","ping_status":"closed","template":"","meta":{"footnotes":""},"class_list":["post-642","page","type-page","status-publish","hentry"],"yoast_head":"<!-- This site is optimized with the Yoast SEO plugin v27.4 - https:\/\/yoast.com\/product\/yoast-seo-wordpress\/ -->\n<title>Bestellungen vom Hof - Hof Sonnhalde<\/title>\n<meta name=\"robots\" content=\"index, follow, max-snippet:-1, max-image-preview:large, max-video-preview:-1\" \/>\n<link rel=\"canonical\" href=\"https:\/\/hof-sonnhalde.ch\/?page_id=642\" \/>\n<meta property=\"og:locale\" content=\"de_DE\" \/>\n<meta property=\"og:type\" content=\"article\" \/>\n<meta property=\"og:title\" content=\"Bestellungen vom Hof - Hof Sonnhalde\" \/>\n<meta property=\"og:description\" content=\"Wir liefern unsere frischen Freilandeier, die knusprigen Brote und den feinen Zopf gerne am Samstag direkt zu Ihnen nach Hause. Teilen Sie uns bitte mit, ob Sie eine einmalige Bestellung w\u00fcnschen oder ob wir Sie w\u00f6chentlich oder alle zwei Wochen beliefern d\u00fcrfen. Wir bedienen Pf\u00e4ffikon mit den zugeh\u00f6rigen D\u00f6rfern und [&hellip;]\" \/>\n<meta property=\"og:url\" content=\"https:\/\/hof-sonnhalde.ch\/?page_id=642\" \/>\n<meta property=\"og:site_name\" content=\"Hof Sonnhalde\" \/>\n<meta property=\"article:modified_time\" content=\"2025-11-05T09:32:38+00:00\" \/>\n<meta name=\"twitter:card\" content=\"summary_large_image\" \/>\n<script type=\"application\/ld+json\" class=\"yoast-schema-graph\">{\"@context\":\"https:\\\/\\\/schema.org\",\"@graph\":[{\"@type\":\"WebPage\",\"@id\":\"https:\\\/\\\/hof-sonnhalde.ch\\\/?page_id=642\",\"url\":\"https:\\\/\\\/hof-sonnhalde.ch\\\/?page_id=642\",\"name\":\"Bestellungen vom Hof - Hof Sonnhalde\",\"isPartOf\":{\"@id\":\"https:\\\/\\\/hof-sonnhalde.ch\\\/#website\"},\"datePublished\":\"2025-09-03T15:41:46+00:00\",\"dateModified\":\"2025-11-05T09:32:38+00:00\",\"breadcrumb\":{\"@id\":\"https:\\\/\\\/hof-sonnhalde.ch\\\/?page_id=642#breadcrumb\"},\"inLanguage\":\"de-CH\",\"potentialAction\":[{\"@type\":\"ReadAction\",\"target\":[\"https:\\\/\\\/hof-sonnhalde.ch\\\/?page_id=642\"]}]},{\"@type\":\"BreadcrumbList\",\"@id\":\"https:\\\/\\\/hof-sonnhalde.ch\\\/?page_id=642#breadcrumb\",\"itemListElement\":[{\"@type\":\"ListItem\",\"position\":1,\"name\":\"Home\",\"item\":\"https:\\\/\\\/hof-sonnhalde.ch\\\/\"},{\"@type\":\"ListItem\",\"position\":2,\"name\":\"Bestellungen vom Hof\"}]},{\"@type\":\"WebSite\",\"@id\":\"https:\\\/\\\/hof-sonnhalde.ch\\\/#website\",\"url\":\"https:\\\/\\\/hof-sonnhalde.ch\\\/\",\"name\":\"Hof Sonnhalde\",\"description\":\"Ihr Hofladen in Auslikon\",\"potentialAction\":[{\"@type\":\"SearchAction\",\"target\":{\"@type\":\"EntryPoint\",\"urlTemplate\":\"https:\\\/\\\/hof-sonnhalde.ch\\\/?s={search_term_string}\"},\"query-input\":{\"@type\":\"PropertyValueSpecification\",\"valueRequired\":true,\"valueName\":\"search_term_string\"}}],\"inLanguage\":\"de-CH\"}]}<\/script>\n<!-- \/ Yoast SEO plugin. -->","yoast_head_json":{"title":"Bestellungen vom Hof - Hof Sonnhalde","robots":{"index":"index","follow":"follow","max-snippet":"max-snippet:-1","max-image-preview":"max-image-preview:large","max-video-preview":"max-video-preview:-1"},"canonical":"https:\/\/hof-sonnhalde.ch\/?page_id=642","og_locale":"de_DE","og_type":"article","og_title":"Bestellungen vom Hof - Hof Sonnhalde","og_description":"Wir liefern unsere frischen Freilandeier, die knusprigen Brote und den feinen Zopf gerne am Samstag direkt zu Ihnen nach Hause. Teilen Sie uns bitte mit, ob Sie eine einmalige Bestellung w\u00fcnschen oder ob wir Sie w\u00f6chentlich oder alle zwei Wochen beliefern d\u00fcrfen. Wir bedienen Pf\u00e4ffikon mit den zugeh\u00f6rigen D\u00f6rfern und [&hellip;]","og_url":"https:\/\/hof-sonnhalde.ch\/?page_id=642","og_site_name":"Hof Sonnhalde","article_modified_time":"2025-11-05T09:32:38+00:00","twitter_card":"summary_large_image","schema":{"@context":"https:\/\/schema.org","@graph":[{"@type":"WebPage","@id":"https:\/\/hof-sonnhalde.ch\/?page_id=642","url":"https:\/\/hof-sonnhalde.ch\/?page_id=642","name":"Bestellungen vom Hof - Hof Sonnhalde","isPartOf":{"@id":"https:\/\/hof-sonnhalde.ch\/#website"},"datePublished":"2025-09-03T15:41:46+00:00","dateModified":"2025-11-05T09:32:38+00:00","breadcrumb":{"@id":"https:\/\/hof-sonnhalde.ch\/?page_id=642#breadcrumb"},"inLanguage":"de-CH","potentialAction":[{"@type":"ReadAction","target":["https:\/\/hof-sonnhalde.ch\/?page_id=642"]}]},{"@type":"BreadcrumbList","@id":"https:\/\/hof-sonnhalde.ch\/?page_id=642#breadcrumb","itemListElement":[{"@type":"ListItem","position":1,"name":"Home","item":"https:\/\/hof-sonnhalde.ch\/"},{"@type":"ListItem","position":2,"name":"Bestellungen vom Hof"}]},{"@type":"WebSite","@id":"https:\/\/hof-sonnhalde.ch\/#website","url":"https:\/\/hof-sonnhalde.ch\/","name":"Hof Sonnhalde","description":"Ihr Hofladen in Auslikon","potentialAction":[{"@type":"SearchAction","target":{"@type":"EntryPoint","urlTemplate":"https:\/\/hof-sonnhalde.ch\/?s={search_term_string}"},"query-input":{"@type":"PropertyValueSpecification","valueRequired":true,"valueName":"search_term_string"}}],"inLanguage":"de-CH"}]}},"jetpack_sharing_enabled":true,"_links":{"self":[{"href":"https:\/\/hof-sonnhalde.ch\/index.php?rest_route=\/wp\/v2\/pages\/642","targetHints":{"allow":["GET"]}}],"collection":[{"href":"https:\/\/hof-sonnhalde.ch\/index.php?rest_route=\/wp\/v2\/pages"}],"about":[{"href":"https:\/\/hof-sonnhalde.ch\/index.php?rest_route=\/wp\/v2\/types\/page"}],"author":[{"embeddable":true,"href":"https:\/\/hof-sonnhalde.ch\/index.php?rest_route=\/wp\/v2\/users\/1"}],"replies":[{"embeddable":true,"href":"https:\/\/hof-sonnhalde.ch\/index.php?rest_route=%2Fwp%2Fv2%2Fcomments&post=642"}],"version-history":[{"count":9,"href":"https:\/\/hof-sonnhalde.ch\/index.php?rest_route=\/wp\/v2\/pages\/642\/revisions"}],"predecessor-version":[{"id":698,"href":"https:\/\/hof-sonnhalde.ch\/index.php?rest_route=\/wp\/v2\/pages\/642\/revisions\/698"}],"wp:attachment":[{"href":"https:\/\/hof-sonnhalde.ch\/index.php?rest_route=%2Fwp%2Fv2%2Fmedia&parent=642"}],"curies":[{"name":"wp","href":"https:\/\/api.w.org\/{rel}","templated":true}]}}