{"id":71,"date":"2020-10-25T22:26:58","date_gmt":"2020-10-25T22:26:58","guid":{"rendered":"https:\/\/hof-sonnhalde.ch\/?page_id=71"},"modified":"2022-11-02T22:47:38","modified_gmt":"2022-11-02T21:47:38","slug":"oeffnungszeiten","status":"publish","type":"page","link":"https:\/\/hof-sonnhalde.ch\/?page_id=71","title":{"rendered":"\u00dcber uns"},"content":{"rendered":"\n<div style=\"height:40px\" aria-hidden=\"true\" class=\"wp-block-spacer\"><\/div>\n\n\n\n<p>Wir betreiben unseren Hofladen seit September 2019. Es bereitet uns viel Freude, f\u00fcr unsere Kunden da zu sein. Die meisten unserer verkauften Produkte sind vom Hof Sonnhalde.<\/p>\n\n\n\n<p>In der Nacht auf Samstag backt unser Beck frisches Treberbrot, Z\u00f6pfe, Sonnhalde-Schild und &#171;Ch\u00f6rnlibrot&#187;, unsere Konditorin backt feine S\u00fcssigkeiten.<\/p>\n\n\n\n<p>Zur Abrundung unseres Angebots kaufen wir verschiedene Produkte bei H\u00f6fen und Produzenten aus der Umgebung ein.<\/p>\n\n\n\n<p style=\"font-size:21px\"><strong>Wir freuen uns auf Ihren Besuch.<\/strong><\/p>\n\n\n\n<div style=\"height:40px\" aria-hidden=\"true\" class=\"wp-block-spacer\"><\/div>\n\n\n\n<p>Im Team Sonnhalde sind momentan 5 Personen aktiv.<\/p>\n\n\n\n<p>Die Leiterin ist <strong>Tabea<\/strong>. Sie ist f\u00fcr die feinen selbstgemachten K\u00f6stlichkeiten zust\u00e4ndig. Als gelernte Konditorin f\u00e4llt ihr dies nicht schwer. Sie h\u00e4lt auch den Hofladen in Schwung. Momentan muss sie noch etwas k\u00fcrzer treten, da sie sich um den Nachwuchs im Team k\u00fcmmern muss.<\/p>\n\n\n\n<p>F\u00fcr die frischen Brote und Z\u00f6pfe ist <strong>Stego<\/strong> zust\u00e4ndig. Als gelernter B\u00e4cker ist es f\u00fcr ihn eine Ehre, ein knuspriges und geschmackvolles Brot zu backen. M\u00f6chten Sie gerne Tipps zum Brotbacken, fragen Sie Stego.<\/p>\n\n\n\n<p>Der Hofbrauer vom Hof Sonnhalde ist <strong>Hans<\/strong>. Um nach der Pensionierung mal was mit den H\u00e4nden zu arbeiten, hat er sich entschlossen, Bier im fr\u00fcheren Milchh\u00fcsli zu brauen. Sollten Sie mal ein &#171;eigenes&#187; Bier wollen, sprechen Sie mit ihm.<\/p>\n\n\n\n<p>Dann haben wir noch <strong>Levin<\/strong>. Ihn kann man f\u00fcr alles einsetzen. Sei es um die H\u00fchner zu f\u00fcttern, den Stall zu misten oder Etiketten auf die Bierflaschen zu kleben, er hilft \u00fcberall gerne mit. Am meisten Freude bereitet es ihm, wenn er eine Hoff\u00fchrung machen kann.<\/p>\n\n\n\n<p>Die zweitj\u00fcngste Person ist <strong>Leon<\/strong>. Er ist sehr gerne draussen und f\u00e4hrt mit den Traktoren auf dem Hof herum. \u00dcberall wo es etwas zu Arbeiten gibt, versucht er mitzuhelfen.<\/p>\n\n\n\n<p style=\"font-size:18px\">Die j\u00fcngste Person auf dem Hof ist <strong>Alia<\/strong>. Momentan ist sie noch damit besch\u00e4ftigt mit Mami und Pappi zu kuscheln, zu trinken und die Windeln zu f\u00fcllen. Sie wird sich sicher schnell an das Hofleben gew\u00f6hnen.<\/p>\n\n\n\n<div style=\"height:40px\" aria-hidden=\"true\" class=\"wp-block-spacer\"><\/div>\n","protected":false},"excerpt":{"rendered":"<p>Wir betreiben unseren Hofladen seit September 2019. Es bereitet uns viel Freude, f\u00fcr unsere Kunden da zu sein. Die meisten unserer verkauften Produkte sind vom Hof Sonnhalde. In der Nacht auf Samstag backt unser Beck frisches Treberbrot, Z\u00f6pfe, Sonnhalde-Schild und &#171;Ch\u00f6rnlibrot&#187;, unsere Konditorin backt feine S\u00fcssigkeiten. Zur Abrundung unseres Angebots [&hellip;]<\/p>\n","protected":false},"author":1,"featured_media":0,"parent":0,"menu_order":0,"comment_status":"closed","ping_status":"closed","template":"","meta":{"footnotes":""},"class_list":["post-71","page","type-page","status-publish","hentry"],"yoast_head":"<!-- This site is optimized with the Yoast SEO plugin v27.4 - https:\/\/yoast.com\/product\/yoast-seo-wordpress\/ -->\n<title>\u00dcber uns - Hof Sonnhalde<\/title>\n<meta name=\"robots\" content=\"index, follow, max-snippet:-1, max-image-preview:large, max-video-preview:-1\" \/>\n<link rel=\"canonical\" href=\"https:\/\/hof-sonnhalde.ch\/?page_id=71\" \/>\n<meta property=\"og:locale\" content=\"de_DE\" \/>\n<meta property=\"og:type\" content=\"article\" \/>\n<meta property=\"og:title\" content=\"\u00dcber uns - Hof Sonnhalde\" \/>\n<meta property=\"og:description\" content=\"Wir betreiben unseren Hofladen seit September 2019. Es bereitet uns viel Freude, f\u00fcr unsere Kunden da zu sein. Die meisten unserer verkauften Produkte sind vom Hof Sonnhalde. In der Nacht auf Samstag backt unser Beck frisches Treberbrot, Z\u00f6pfe, Sonnhalde-Schild und &#171;Ch\u00f6rnlibrot&#187;, unsere Konditorin backt feine S\u00fcssigkeiten. Zur Abrundung unseres Angebots [&hellip;]\" \/>\n<meta property=\"og:url\" content=\"https:\/\/hof-sonnhalde.ch\/?page_id=71\" \/>\n<meta property=\"og:site_name\" content=\"Hof Sonnhalde\" \/>\n<meta property=\"article:modified_time\" content=\"2022-11-02T21:47:38+00:00\" \/>\n<meta name=\"twitter:card\" content=\"summary_large_image\" \/>\n<meta name=\"twitter:label1\" content=\"Gesch\u00e4tzte Lesezeit\" \/>\n\t<meta name=\"twitter:data1\" content=\"2\u00a0Minuten\" \/>\n<script type=\"application\/ld+json\" class=\"yoast-schema-graph\">{\"@context\":\"https:\\\/\\\/schema.org\",\"@graph\":[{\"@type\":\"WebPage\",\"@id\":\"https:\\\/\\\/hof-sonnhalde.ch\\\/?page_id=71\",\"url\":\"https:\\\/\\\/hof-sonnhalde.ch\\\/?page_id=71\",\"name\":\"\u00dcber uns - Hof Sonnhalde\",\"isPartOf\":{\"@id\":\"https:\\\/\\\/hof-sonnhalde.ch\\\/#website\"},\"datePublished\":\"2020-10-25T22:26:58+00:00\",\"dateModified\":\"2022-11-02T21:47:38+00:00\",\"breadcrumb\":{\"@id\":\"https:\\\/\\\/hof-sonnhalde.ch\\\/?page_id=71#breadcrumb\"},\"inLanguage\":\"de-CH\",\"potentialAction\":[{\"@type\":\"ReadAction\",\"target\":[\"https:\\\/\\\/hof-sonnhalde.ch\\\/?page_id=71\"]}]},{\"@type\":\"BreadcrumbList\",\"@id\":\"https:\\\/\\\/hof-sonnhalde.ch\\\/?page_id=71#breadcrumb\",\"itemListElement\":[{\"@type\":\"ListItem\",\"position\":1,\"name\":\"Home\",\"item\":\"https:\\\/\\\/hof-sonnhalde.ch\\\/\"},{\"@type\":\"ListItem\",\"position\":2,\"name\":\"\u00dcber uns\"}]},{\"@type\":\"WebSite\",\"@id\":\"https:\\\/\\\/hof-sonnhalde.ch\\\/#website\",\"url\":\"https:\\\/\\\/hof-sonnhalde.ch\\\/\",\"name\":\"Hof Sonnhalde\",\"description\":\"Ihr Hofladen in Auslikon\",\"potentialAction\":[{\"@type\":\"SearchAction\",\"target\":{\"@type\":\"EntryPoint\",\"urlTemplate\":\"https:\\\/\\\/hof-sonnhalde.ch\\\/?s={search_term_string}\"},\"query-input\":{\"@type\":\"PropertyValueSpecification\",\"valueRequired\":true,\"valueName\":\"search_term_string\"}}],\"inLanguage\":\"de-CH\"}]}<\/script>\n<!-- \/ Yoast SEO plugin. -->","yoast_head_json":{"title":"\u00dcber uns - Hof Sonnhalde","robots":{"index":"index","follow":"follow","max-snippet":"max-snippet:-1","max-image-preview":"max-image-preview:large","max-video-preview":"max-video-preview:-1"},"canonical":"https:\/\/hof-sonnhalde.ch\/?page_id=71","og_locale":"de_DE","og_type":"article","og_title":"\u00dcber uns - Hof Sonnhalde","og_description":"Wir betreiben unseren Hofladen seit September 2019. Es bereitet uns viel Freude, f\u00fcr unsere Kunden da zu sein. Die meisten unserer verkauften Produkte sind vom Hof Sonnhalde. In der Nacht auf Samstag backt unser Beck frisches Treberbrot, Z\u00f6pfe, Sonnhalde-Schild und &#171;Ch\u00f6rnlibrot&#187;, unsere Konditorin backt feine S\u00fcssigkeiten. Zur Abrundung unseres Angebots [&hellip;]","og_url":"https:\/\/hof-sonnhalde.ch\/?page_id=71","og_site_name":"Hof Sonnhalde","article_modified_time":"2022-11-02T21:47:38+00:00","twitter_card":"summary_large_image","twitter_misc":{"Gesch\u00e4tzte Lesezeit":"2\u00a0Minuten"},"schema":{"@context":"https:\/\/schema.org","@graph":[{"@type":"WebPage","@id":"https:\/\/hof-sonnhalde.ch\/?page_id=71","url":"https:\/\/hof-sonnhalde.ch\/?page_id=71","name":"\u00dcber uns - Hof Sonnhalde","isPartOf":{"@id":"https:\/\/hof-sonnhalde.ch\/#website"},"datePublished":"2020-10-25T22:26:58+00:00","dateModified":"2022-11-02T21:47:38+00:00","breadcrumb":{"@id":"https:\/\/hof-sonnhalde.ch\/?page_id=71#breadcrumb"},"inLanguage":"de-CH","potentialAction":[{"@type":"ReadAction","target":["https:\/\/hof-sonnhalde.ch\/?page_id=71"]}]},{"@type":"BreadcrumbList","@id":"https:\/\/hof-sonnhalde.ch\/?page_id=71#breadcrumb","itemListElement":[{"@type":"ListItem","position":1,"name":"Home","item":"https:\/\/hof-sonnhalde.ch\/"},{"@type":"ListItem","position":2,"name":"\u00dcber uns"}]},{"@type":"WebSite","@id":"https:\/\/hof-sonnhalde.ch\/#website","url":"https:\/\/hof-sonnhalde.ch\/","name":"Hof Sonnhalde","description":"Ihr Hofladen in Auslikon","potentialAction":[{"@type":"SearchAction","target":{"@type":"EntryPoint","urlTemplate":"https:\/\/hof-sonnhalde.ch\/?s={search_term_string}"},"query-input":{"@type":"PropertyValueSpecification","valueRequired":true,"valueName":"search_term_string"}}],"inLanguage":"de-CH"}]}},"jetpack_sharing_enabled":true,"_links":{"self":[{"href":"https:\/\/hof-sonnhalde.ch\/index.php?rest_route=\/wp\/v2\/pages\/71","targetHints":{"allow":["GET"]}}],"collection":[{"href":"https:\/\/hof-sonnhalde.ch\/index.php?rest_route=\/wp\/v2\/pages"}],"about":[{"href":"https:\/\/hof-sonnhalde.ch\/index.php?rest_route=\/wp\/v2\/types\/page"}],"author":[{"embeddable":true,"href":"https:\/\/hof-sonnhalde.ch\/index.php?rest_route=\/wp\/v2\/users\/1"}],"replies":[{"embeddable":true,"href":"https:\/\/hof-sonnhalde.ch\/index.php?rest_route=%2Fwp%2Fv2%2Fcomments&post=71"}],"version-history":[{"count":14,"href":"https:\/\/hof-sonnhalde.ch\/index.php?rest_route=\/wp\/v2\/pages\/71\/revisions"}],"predecessor-version":[{"id":666,"href":"https:\/\/hof-sonnhalde.ch\/index.php?rest_route=\/wp\/v2\/pages\/71\/revisions\/666"}],"wp:attachment":[{"href":"https:\/\/hof-sonnhalde.ch\/index.php?rest_route=%2Fwp%2Fv2%2Fmedia&parent=71"}],"curies":[{"name":"wp","href":"https:\/\/api.w.org\/{rel}","templated":true}]}}